{"id":99,"date":"2024-08-06T11:03:57","date_gmt":"2024-08-06T09:03:57","guid":{"rendered":"https:\/\/spzpozparczew.pl\/SPZPOZ\/?page_id=99"},"modified":"2025-11-21T21:18:25","modified_gmt":"2025-11-21T20:18:25","slug":"elementor-99","status":"publish","type":"page","link":"https:\/\/spzpozparczew.pl\/?page_id=99","title":{"rendered":"Og\u0142oszenia"},"content":{"rendered":"\t\t<div data-elementor-type=\"wp-post\" data-elementor-id=\"99\" class=\"elementor elementor-99\">\n\t\t\t\t\t\t<section class=\"elementor-section elementor-top-section elementor-element elementor-element-7456a3d0 elementor-section-stretched elementor-section-boxed elementor-section-height-default elementor-section-height-default\" data-id=\"7456a3d0\" data-element_type=\"section\" data-settings=\"{&quot;stretch_section&quot;:&quot;section-stretched&quot;,&quot;background_background&quot;:&quot;classic&quot;}\">\n\t\t\t\t\t\t<div class=\"elementor-container elementor-column-gap-default\">\n\t\t\t\t\t<div class=\"elementor-column elementor-col-100 elementor-top-column elementor-element elementor-element-630d606c\" data-id=\"630d606c\" data-element_type=\"column\">\n\t\t\t<div class=\"elementor-widget-wrap elementor-element-populated\">\n\t\t\t\t\t\t<div class=\"elementor-element elementor-element-4d217f74 elementor-invisible elementor-widget elementor-widget-heading\" data-id=\"4d217f74\" data-element_type=\"widget\" data-settings=\"{&quot;_animation&quot;:&quot;fadeInUp&quot;}\" data-widget_type=\"heading.default\">\n\t\t\t\t<div class=\"elementor-widget-container\">\n\t\t\t\t\t<h2 class=\"elementor-heading-title elementor-size-default\"><b>OG\u0141OSZENIE O KONKURSIE OFERT <\/b><\/h2>\t\t\t\t<\/div>\n\t\t\t\t<\/div>\n\t\t<div class=\"elementor-element elementor-element-49d9730 e-flex e-con-boxed e-con e-parent\" data-id=\"49d9730\" data-element_type=\"container\">\n\t\t\t\t\t<div class=\"e-con-inner\">\n\t\t\t\t<div class=\"elementor-element elementor-element-3baadd9 elementor-widget-divider--view-line elementor-widget elementor-widget-divider\" data-id=\"3baadd9\" data-element_type=\"widget\" data-widget_type=\"divider.default\">\n\t\t\t\t<div class=\"elementor-widget-container\">\n\t\t\t\t\t\t\t<div class=\"elementor-divider\">\n\t\t\t<span class=\"elementor-divider-separator\">\n\t\t\t\t\t\t<\/span>\n\t\t<\/div>\n\t\t\t\t\t\t<\/div>\n\t\t\t\t<\/div>\n\t\t\t\t<div class=\"elementor-element elementor-element-7a1ba18 elementor-widget elementor-widget-text-editor\" data-id=\"7a1ba18\" data-element_type=\"widget\" data-widget_type=\"text-editor.default\">\n\t\t\t\t<div class=\"elementor-widget-container\">\n\t\t\t\t\t\t\t\t\t<h4><b style=\"font-style: inherit;\">Samodzielny Publiczny Zak\u0142ad Podstawowej Opieki Zdrowotnej 21-200 Parczew\u00a0<br \/><\/b><b style=\"font-style: inherit;\">ul. Ko\u015bcielna 136, tel. 833551203 e-mail: spzpoz@spzpozparczew.pl<\/b><\/h4><p><span style=\"font-style: inherit; font-weight: inherit;\">\u00a0<\/span><\/p><p><span style=\"font-style: inherit; font-weight: inherit;\">Na podstawie art.26 i art.27 Ustawy z dnia 15 kwietnia 2011r. o dzia\u0142alno\u015bci leczniczej og\u0142asza konkurs ofert na \u015bwiadczenia zdrowotne w zakresie podstawowej opieki zdrowotnej oraz nocnej i \u015bwi\u0105tecznej opieki zdrowotnej.\u00a0<\/span><span style=\"font-style: inherit; font-weight: inherit;\">Szczeg\u00f3\u0142owe warunki konkursu i materia\u0142y informacyjne dotycz\u0105ce konkursu ofert, zawieraj\u0105ce formularz oferty i projekt umowy mo\u017cna uzyska\u0107 w siedzibie zak\u0142adu pod adresem 21-200 Parczew, ul. Ko\u015bcielna 136 lub na stronie www.spzpozparczew.pl.\u00a0<\/span><span style=\"font-style: inherit; font-weight: inherit;\">Ofert\u0119 nale\u017cy sk\u0142ada\u0107 (lub przes\u0142a\u0107) w zamkni\u0119tych kopertach w dniach od 24 listopada do 09 grudnia 2025 roku, do godz. 10.00 w siedzibie SPZPOZ w Parczewie, ul. Ko\u015bcielna 136, rejestracja. Termin zwi\u0105zania z ofert\u0105 wynosi 30 dni. Czas na kt\u00f3ry mo\u017ce by\u0107 podpisana umowa: 3 lata.\u00a0<\/span><span style=\"font-style: inherit; font-weight: inherit;\">Otwarcie ofert odb\u0119dzie si\u0119 w siedzibie zamawiaj\u0105cego 10 grudnia 2025 roku o godz. 12.00.\u00a0<\/span><span style=\"font-style: inherit; font-weight: inherit;\">SPZPOZ zastrzega sobie prawo do odwo\u0142ania konkursu oraz do przesuni\u0119cia terminu sk\u0142adania ofert. Oferent ma prawo do skarg i protest\u00f3w dotycz\u0105cych konkursu ofert.\u00a0<\/span><span style=\"font-style: inherit; font-weight: inherit;\">Jednocze\u015bnie, prosimy o zapoznanie si\u0119 z klauzul\u0105 informacyjn\u0105 zawieraj\u0105c\u0105 szczeg\u00f3\u0142owe informacje dotycz\u0105ce przetwarzania danych osobowych zawartych w ofertach konkursowych.\u00a0<\/span><\/p><p><span style=\"font-style: inherit; font-weight: inherit;\">\u00a0<\/span><\/p><p><span style=\"font-style: inherit;\"><b>Materia\u0142y do pobrania<\/b><\/span><\/p><p><span style=\"font-style: inherit;\"><a href=\"http:\/\/spzpozparczew.pl\/wp-content\/uploads\/2025\/11\/MATERIALY-INFORMACYJNE-z-zalacznikami.doc\">MATERIA\u0141Y INFORMACYJNE z za\u0142\u0105cznikami-doc<\/a><\/span><\/p><p><a style=\"font-style: inherit; font-weight: inherit; background-color: #ffffff;\" href=\"http:\/\/spzpozparczew.pl\/wp-content\/uploads\/2025\/11\/MATERIALY-INFORMACYJNE-z-zalacznikami.pdf\">MATERIA\u0141Y INFORMACYJNE z za\u0142acznikami &#8211; pdf<\/a><\/p><p><a href=\"http:\/\/spzpozparczew.pl\/wp-content\/uploads\/2025\/11\/Projekt-umowy.doc\">Projekt umowy &#8211; doc<\/a><\/p><p><a href=\"http:\/\/spzpozparczew.pl\/wp-content\/uploads\/2025\/11\/Projekt-umowy.pdf\">Projekt umowy &#8211; pdf<\/a><\/p><p><a href=\"http:\/\/spzpozparczew.pl\/wp-content\/uploads\/2025\/11\/Klauzula-informacyjna-RODO.pdf\">Klauzula informacyjna (RODO) &#8211; pdf<\/a>\u00a0<\/p><div>\u00a0<\/div>\t\t\t\t\t\t\t\t<\/div>\n\t\t\t\t<\/div>\n\t\t\t\t\t<\/div>\n\t\t\t\t<\/div>\n\t\t\t\t\t<\/div>\n\t\t<\/div>\n\t\t\t\t\t<\/div>\n\t\t<\/section>\n\t\t\t\t<\/div>\n\t\t","protected":false},"excerpt":{"rendered":"<p>OG\u0141OSZENIE O KONKURSIE OFERT Samodzielny Publiczny Zak\u0142ad Podstawowej Opieki Zdrowotnej 21-200 Parczew\u00a0ul. Ko\u015bcielna 136, tel. 833551203 e-mail: spzpoz@spzpozparczew.pl \u00a0 Na [&hellip;]<\/p>\n","protected":false},"author":1,"featured_media":0,"parent":0,"menu_order":0,"comment_status":"closed","ping_status":"closed","template":"","meta":{"site-sidebar-layout":"no-sidebar","site-content-layout":"","ast-site-content-layout":"full-width-container","site-content-style":"default","site-sidebar-style":"default","ast-global-header-display":"","ast-banner-title-visibility":"","ast-main-header-display":"","ast-hfb-above-header-display":"","ast-hfb-below-header-display":"","ast-hfb-mobile-header-display":"","site-post-title":"disabled","ast-breadcrumbs-content":"","ast-featured-img":"disabled","footer-sml-layout":"","theme-transparent-header-meta":"","adv-header-id-meta":"","stick-header-meta":"","header-above-stick-meta":"","header-main-stick-meta":"","header-below-stick-meta":"","astra-migrate-meta-layouts":"default","ast-page-background-enabled":"default","ast-page-background-meta":{"desktop":{"background-color":"var(--ast-global-color-4)","background-image":"","background-repeat":"repeat","background-position":"center center","background-size":"auto","background-attachment":"scroll","background-type":"","background-media":"","overlay-type":"","overlay-color":"","overlay-opacity":"","overlay-gradient":""},"tablet":{"background-color":"","background-image":"","background-repeat":"repeat","background-position":"center center","background-size":"auto","background-attachment":"scroll","background-type":"","background-media":"","overlay-type":"","overlay-color":"","overlay-opacity":"","overlay-gradient":""},"mobile":{"background-color":"","background-image":"","background-repeat":"repeat","background-position":"center center","background-size":"auto","background-attachment":"scroll","background-type":"","background-media":"","overlay-type":"","overlay-color":"","overlay-opacity":"","overlay-gradient":""}},"ast-content-background-meta":{"desktop":{"background-color":"var(--ast-global-color-5)","background-image":"","background-repeat":"repeat","background-position":"center center","background-size":"auto","background-attachment":"scroll","background-type":"","background-media":"","overlay-type":"","overlay-color":"","overlay-opacity":"","overlay-gradient":""},"tablet":{"background-color":"var(--ast-global-color-5)","background-image":"","background-repeat":"repeat","background-position":"center center","background-size":"auto","background-attachment":"scroll","background-type":"","background-media":"","overlay-type":"","overlay-color":"","overlay-opacity":"","overlay-gradient":""},"mobile":{"background-color":"var(--ast-global-color-5)","background-image":"","background-repeat":"repeat","background-position":"center center","background-size":"auto","background-attachment":"scroll","background-type":"","background-media":"","overlay-type":"","overlay-color":"","overlay-opacity":"","overlay-gradient":""}},"footnotes":""},"class_list":["post-99","page","type-page","status-publish","hentry"],"_links":{"self":[{"href":"https:\/\/spzpozparczew.pl\/index.php?rest_route=\/wp\/v2\/pages\/99","targetHints":{"allow":["GET"]}}],"collection":[{"href":"https:\/\/spzpozparczew.pl\/index.php?rest_route=\/wp\/v2\/pages"}],"about":[{"href":"https:\/\/spzpozparczew.pl\/index.php?rest_route=\/wp\/v2\/types\/page"}],"author":[{"embeddable":true,"href":"https:\/\/spzpozparczew.pl\/index.php?rest_route=\/wp\/v2\/users\/1"}],"replies":[{"embeddable":true,"href":"https:\/\/spzpozparczew.pl\/index.php?rest_route=%2Fwp%2Fv2%2Fcomments&post=99"}],"version-history":[{"count":73,"href":"https:\/\/spzpozparczew.pl\/index.php?rest_route=\/wp\/v2\/pages\/99\/revisions"}],"predecessor-version":[{"id":619,"href":"https:\/\/spzpozparczew.pl\/index.php?rest_route=\/wp\/v2\/pages\/99\/revisions\/619"}],"wp:attachment":[{"href":"https:\/\/spzpozparczew.pl\/index.php?rest_route=%2Fwp%2Fv2%2Fmedia&parent=99"}],"curies":[{"name":"wp","href":"https:\/\/api.w.org\/{rel}","templated":true}]}}