{"id":209,"date":"2024-08-06T12:34:25","date_gmt":"2024-08-06T10:34:25","guid":{"rendered":"https:\/\/spzpozparczew.pl\/SPZPOZ\/?page_id=209"},"modified":"2025-11-20T10:31:22","modified_gmt":"2025-11-20T09:31:22","slug":"dostepnosc-cyfrowa","status":"publish","type":"page","link":"https:\/\/spzpozparczew.pl\/?page_id=209","title":{"rendered":"Deklaracja dost\u0119pno\u015bci"},"content":{"rendered":"\n<p><strong>1. Wst\u0119p oraz nazwa podmiotu publicznego<\/strong><\/p>\n\n\n\n<p>Samodzielny Publiczny Zak\u0142ad Podstawowej Opieki Zdrowotnej, ul. Ko\u015bcielna 136, 21-200 Parczew, tel: 83 355 12 03, email: <a href=\"mailto:spzpoz@spzpozparczew.pl\">spzpoz@spzpozparczew.pl<\/a>, d\u0105\u017cy do zapewnienia dost\u0119pno\u015bci swojej strony internetowej zgodnie z ustaw\u0105 z dnia 4\u202fkwietnia 2019 r. o\u202fdost\u0119pno\u015bci cyfrowej stron internetowych i aplikacji mobilnych podmiot\u00f3w publicznych.<\/p>\n\n\n\n<p><strong>2. Data publikacji i aktualizacji<\/strong><\/p>\n\n\n\n<p>Data publikacji strony internetowej: 2021-03-22<br>Data ostatniej istotnej aktualizacji:<strong>\u00a02025-10-09<\/strong><\/p>\n\n\n\n<p><strong>3. Informacje zwrotne i dane kontaktowe<\/strong><\/p>\n\n\n\n<p>W przypadku problem\u00f3w z dost\u0119pno\u015bci\u0105 strony internetowej prosimy o kontakt na adres e-mail: <a href=\"mailto:spzpoz@spzpozparczew.pl\">spzpoz@spzpozparczew.pl<\/a>. W ten spos\u00f3b mo\u017cna r\u00f3wnie\u017c sk\u0142ada\u0107 wnioski o udost\u0119pnienie informacji niedost\u0119pnej i sk\u0142ada\u0107 \u017c\u0105dania zapewnienia dost\u0119pno\u015bci.<br>Ka\u017cdy ma prawo do wyst\u0105pienia z \u017c\u0105daniem zapewnienia dost\u0119pno\u015bci cyfrowej strony internetowej, aplikacji mobilnej lub jakiego\u015b ich elementu.<\/p>\n\n\n\n<p><strong>\u017b\u0105danie powinno zawiera\u0107:<br><\/strong>&#8211; dane osoby zg\u0142aszaj\u0105cej \u017c\u0105danie,<br>&#8211; wskazanie, o kt\u00f3r\u0105 stron\u0119 internetow\u0105 lub aplikacj\u0119 mobiln\u0105 chodzi oraz<br>&#8211; spos\u00f3b kontaktu.<\/p>\n\n\n\n<p>Je\u017celi osoba \u017c\u0105daj\u0105ca zg\u0142asza potrzeb\u0119 otrzymania informacji za pomoc\u0105 alternatywnego sposobu dost\u0119pu, powinna tak\u017ce okre\u015bli\u0107 dogodny dla niej spos\u00f3b przedstawienia tej informacji.<br>SPZPOZ zrealizuje \u017c\u0105danie niezw\u0142ocznie, nie p\u00f3\u017aniej ni\u017c w ci\u0105gu 10 dni roboczych od dnia wyst\u0105pienia z \u017c\u0105daniem. Je\u017celi dotrzymanie tego terminu nie jest mo\u017cliwe, niezw\u0142ocznie poinformuje o tym wnosz\u0105cego \u017c\u0105danie oraz poinformuje o terminie realizacja \u017c\u0105dania, przy czym termin ten nie mo\u017ce by\u0107 d\u0142u\u017cszy ni\u017c 2 miesi\u0105ce od dnia wyst\u0105pienia z \u017c\u0105daniem.<br>Je\u017celi zapewnienie dost\u0119pno\u015bci cyfrowej nie jest mo\u017cliwe, SPZPOZ zaproponuje alternatywny spos\u00f3b dost\u0119pu do informacji. W przypadku, gdy SPZPOZ odm\u00f3wi realizacji \u017c\u0105dania zapewnienia dost\u0119pno\u015bci lub alternatywnego sposobu dost\u0119pu do informacji, wnosz\u0105cy \u017c\u0105danie mo\u017cne z\u0142o\u017cy\u0107 skarg\u0119 w sprawie zapewniana dost\u0119pno\u015bci cyfrowej strony internetowej, aplikacji mobilnej lub elementu strony internetowej, lub aplikacji mobilnej.<br>Po wyczerpaniu wszystkich mo\u017cliwo\u015bci skarg\u0119 mo\u017cna przes\u0142a\u0107 tak\u017ce do\u00a0<a href=\"https:\/\/bip.brpo.gov.pl\/pl\/content\/zlozenie-wniosku-do-rzecznika-praw-obywatelskich\">Rzecznika Praw Obywatelskich.<\/a><br>W przypadku utrudnie\u0144 w dost\u0119pno\u015bci strony internetowej prosimy o kontakt. Osob\u0105 kontaktow\u0105 jest Pani Marta J\u0119drzejewska , e-mail: <a href=\"mailto:spzpoz@spzpozparczew.pl\">spzpoz@spzpozparczew.pl<\/a><br>Mo\u017cna tak\u017ce zadzwoni\u0107 na numer telefonu 83 355 12 03. T\u0105 sam\u0105 drog\u0105 mo\u017cna z\u0142o\u017cy\u0107 wniosek o udost\u0119pnienie informacji niedost\u0119pnej oraz skarg\u0119 na niewystarczaj\u0105ce zapewnienie dost\u0119pno\u015bci.<\/p>\n\n\n\n<ol class=\"wp-block-list\"><\/ol>\n\n\n\n<p><strong>4. Status pod wzgl\u0119dem zgodno\u015bci z ustaw\u0105<\/strong><\/p>\n\n\n\n<p>Zgodnie z art. 9 ustawy z dnia 4 kwietnia 2019 r. o dost\u0119pno\u015bci cyfrowej stron internetowych i aplikacji mobilnych podmiot\u00f3w publicznych Samodzielny Publiczny Zak\u0142ad Podstawowej Opieki Zdrowotnej w Parczewie zapewnia dost\u0119pno\u015b\u0107 cyfrow\u0105 element\u00f3w stron internetowych lub aplikacji mobilnych okre\u015blonych w art. 8 ust. 2 pkt 2 ustawy przez ich umieszczenie na stronie podmiotowej Biuletynu Informacji Publicznej.<br>Na stronie internetowej mo\u017cna u\u017cywa\u0107 standardowych skr\u00f3t\u00f3w klawiaturowych przegl\u0105darki.<br>Strona internetowa jest cz\u0119\u015bciowo zgodna z ustaw\u0105 z dnia 4 kwietnia 2019 r. o dost\u0119pno\u015bci cyfrowej stron internetowych i aplikacji mobilnych podmiot\u00f3w publicznych z powodu niezgodno\u015bci lub wy\u0142\u0105cze\u0144 wymienionych poni\u017cej:<br>\u2013 na stronie znajduje si\u0119 wiele plik\u00f3w do pobrania. Nie wszystkie pliki s\u0105 w pe\u0142ni dost\u0119pne. Mo\u017ce w nich brakowa\u0107 nag\u0142\u00f3wk\u00f3w lub opis\u00f3w alternatywnych do zdj\u0119\u0107, tabel, wykres\u00f3w i grafik. Cz\u0119\u015b\u0107 dokument\u00f3w mo\u017ce by\u0107 umieszczona jest w formie skan\u00f3w;<br>\u2013 wszystkie elementy wizualne nie zawieraj\u0105 \u015bcie\u017cki d\u017awi\u0119kowej z napisami dla nies\u0142ysz\u0105cych,<br>\u2013 mog\u0105 zdarza\u0107 si\u0119 b\u0142\u0119dne opisy alternatywne zdj\u0119\u0107 lub ich brak,<br>\u2013 na stronie umieszczane s\u0105 dokumenty od innych podmiot\u00f3w, kt\u00f3re mog\u0105 nie spe\u0142nia\u0107 wymaga\u0144 dost\u0119pno\u015bci.<br>Deklaracj\u0119 sporz\u0105dzono na podstawie samooceny przeprowadzonej przez podmiot publiczny.<\/p>\n\n\n\n<p><br><strong>U\u0142atwienia na stronie Samodzielnego Publicznego Zak\u0142adu Podstawowej Opieki Zdrowotnej:<br><\/strong>\u2022 podwy\u017cszony kontrast (kontrastowe t\u0142o, elementy graficzne, )<br>\u2022 mo\u017cliwo\u015b\u0107 powi\u0119kszenia\/pomniejszania wielko\u015bci tekstu na stronie,<br>\u2022 uporz\u0105dkowana przejrzysta mapa strony,<br>\u2022 strona internetowa dostosowana do \u0142atwego powi\u0119kszania z poziomu menu przegl\u0105darki.<\/p>\n\n\n\n<p>\u0179r\u00f3d\u0142a<\/p>\n\n\n\n<ol start=\"1\" class=\"wp-block-list\">\n<li><a href=\"https:\/\/www.widzialni.org\/metoda-oceny-dostepnosci-cyfrowej-strony-internetowej-zgodnie-z-zasadami-wcag-21,new,mg,5,376\">Metoda oceny dost\u0119pno\u015bci cyfrowej strony internetowej<\/a><\/li>\n\n\n\n<li><a href=\"https:\/\/mc.bip.gov.pl\/objasnienia-prawne\/warunki-techniczne-publikacji-oraz-struktura-dokumentu-elektronicznego-deklaracji-dostepnosci.html\">Warunki techniczne publikacji oraz struktura dokumentu elektronicznego \u201cDeklaracji Dost\u0119pno\u015bci\u201d<\/a><\/li>\n\n\n\n<li><a href=\"https:\/\/www.gov.pl\/web\/dostepnosc-cyfrowa\">Strona ministerstwa Cyfryzacji dotycz\u0105ca dost\u0119pno\u015bci cyfrowej<\/a><\/li>\n\n\n\n<li><a href=\"https:\/\/www.gov.pl\/web\/dostepnosc-cyfrowa\/szkolenia\">Szkolenia organizowane przez Ministerstwo Cyfryzacji<\/a><\/li>\n\n\n\n<li><a href=\"https:\/\/www.gov.pl\/web\/dostepnosc-cyfrowa\/podreczniki\">Podr\u0119czniki i inne materia\u0142y dotycz\u0105ce dost\u0119pno\u015bci cyfrowej<\/a><\/li>\n<\/ol>\n","protected":false},"excerpt":{"rendered":"<p>1. Wst\u0119p oraz nazwa podmiotu publicznego Samodzielny Publiczny Zak\u0142ad Podstawowej Opieki Zdrowotnej, ul. Ko\u015bcielna 136, 21-200 Parczew, tel: 83 355 [&hellip;]<\/p>\n","protected":false},"author":1,"featured_media":0,"parent":0,"menu_order":0,"comment_status":"closed","ping_status":"closed","template":"","meta":{"site-sidebar-layout":"default","site-content-layout":"","ast-site-content-layout":"default","site-content-style":"default","site-sidebar-style":"default","ast-global-header-display":"","ast-banner-title-visibility":"","ast-main-header-display":"","ast-hfb-above-header-display":"","ast-hfb-below-header-display":"","ast-hfb-mobile-header-display":"","site-post-title":"","ast-breadcrumbs-content":"","ast-featured-img":"","footer-sml-layout":"","theme-transparent-header-meta":"","adv-header-id-meta":"","stick-header-meta":"","header-above-stick-meta":"","header-main-stick-meta":"","header-below-stick-meta":"","astra-migrate-meta-layouts":"default","ast-page-background-enabled":"default","ast-page-background-meta":{"desktop":{"background-color":"var(--ast-global-color-4)","background-image":"","background-repeat":"repeat","background-position":"center center","background-size":"auto","background-attachment":"scroll","background-type":"","background-media":"","overlay-type":"","overlay-color":"","overlay-opacity":"","overlay-gradient":""},"tablet":{"background-color":"","background-image":"","background-repeat":"repeat","background-position":"center center","background-size":"auto","background-attachment":"scroll","background-type":"","background-media":"","overlay-type":"","overlay-color":"","overlay-opacity":"","overlay-gradient":""},"mobile":{"background-color":"","background-image":"","background-repeat":"repeat","background-position":"center center","background-size":"auto","background-attachment":"scroll","background-type":"","background-media":"","overlay-type":"","overlay-color":"","overlay-opacity":"","overlay-gradient":""}},"ast-content-background-meta":{"desktop":{"background-color":"var(--ast-global-color-5)","background-image":"","background-repeat":"repeat","background-position":"center center","background-size":"auto","background-attachment":"scroll","background-type":"","background-media":"","overlay-type":"","overlay-color":"","overlay-opacity":"","overlay-gradient":""},"tablet":{"background-color":"var(--ast-global-color-5)","background-image":"","background-repeat":"repeat","background-position":"center center","background-size":"auto","background-attachment":"scroll","background-type":"","background-media":"","overlay-type":"","overlay-color":"","overlay-opacity":"","overlay-gradient":""},"mobile":{"background-color":"var(--ast-global-color-5)","background-image":"","background-repeat":"repeat","background-position":"center center","background-size":"auto","background-attachment":"scroll","background-type":"","background-media":"","overlay-type":"","overlay-color":"","overlay-opacity":"","overlay-gradient":""}},"footnotes":""},"class_list":["post-209","page","type-page","status-publish","hentry"],"_links":{"self":[{"href":"https:\/\/spzpozparczew.pl\/index.php?rest_route=\/wp\/v2\/pages\/209","targetHints":{"allow":["GET"]}}],"collection":[{"href":"https:\/\/spzpozparczew.pl\/index.php?rest_route=\/wp\/v2\/pages"}],"about":[{"href":"https:\/\/spzpozparczew.pl\/index.php?rest_route=\/wp\/v2\/types\/page"}],"author":[{"embeddable":true,"href":"https:\/\/spzpozparczew.pl\/index.php?rest_route=\/wp\/v2\/users\/1"}],"replies":[{"embeddable":true,"href":"https:\/\/spzpozparczew.pl\/index.php?rest_route=%2Fwp%2Fv2%2Fcomments&post=209"}],"version-history":[{"count":5,"href":"https:\/\/spzpozparczew.pl\/index.php?rest_route=\/wp\/v2\/pages\/209\/revisions"}],"predecessor-version":[{"id":544,"href":"https:\/\/spzpozparczew.pl\/index.php?rest_route=\/wp\/v2\/pages\/209\/revisions\/544"}],"wp:attachment":[{"href":"https:\/\/spzpozparczew.pl\/index.php?rest_route=%2Fwp%2Fv2%2Fmedia&parent=209"}],"curies":[{"name":"wp","href":"https:\/\/api.w.org\/{rel}","templated":true}]}}