{"id":201,"date":"2024-08-06T12:26:35","date_gmt":"2024-08-06T10:26:35","guid":{"rendered":"https:\/\/spzpozparczew.pl\/SPZPOZ\/?page_id=201"},"modified":"2024-08-06T15:41:37","modified_gmt":"2024-08-06T13:41:37","slug":"personel","status":"publish","type":"page","link":"https:\/\/spzpozparczew.pl\/?page_id=201","title":{"rendered":"Personel"},"content":{"rendered":"\t\t<div data-elementor-type=\"wp-post\" data-elementor-id=\"201\" class=\"elementor elementor-201\">\n\t\t\t\t\t\t<section class=\"elementor-section elementor-top-section elementor-element elementor-element-546332fa elementor-section-stretched elementor-section-height-min-height elementor-section-boxed elementor-section-height-default elementor-section-items-middle\" data-id=\"546332fa\" data-element_type=\"section\" data-settings=\"{&quot;stretch_section&quot;:&quot;section-stretched&quot;,&quot;background_background&quot;:&quot;classic&quot;}\">\n\t\t\t\t\t\t<div class=\"elementor-container elementor-column-gap-default\">\n\t\t\t\t\t<div class=\"elementor-column elementor-col-100 elementor-top-column elementor-element elementor-element-777b4953\" data-id=\"777b4953\" data-element_type=\"column\">\n\t\t\t<div class=\"elementor-widget-wrap elementor-element-populated\">\n\t\t\t\t\t\t<div class=\"elementor-element elementor-element-113c6b8 elementor-invisible elementor-widget elementor-widget-heading\" data-id=\"113c6b8\" data-element_type=\"widget\" data-settings=\"{&quot;_animation&quot;:&quot;fadeInUp&quot;}\" data-widget_type=\"heading.default\">\n\t\t\t\t<div class=\"elementor-widget-container\">\n\t\t\t\t\t<h1 class=\"elementor-heading-title elementor-size-default\">Nasz Personel<\/h1>\t\t\t\t<\/div>\n\t\t\t\t<\/div>\n\t\t\t\t\t<\/div>\n\t\t<\/div>\n\t\t\t\t\t<\/div>\n\t\t<\/section>\n\t\t\t\t<section class=\"elementor-section elementor-top-section elementor-element elementor-element-5eab3588 elementor-section-stretched elementor-section-content-middle elementor-section-boxed elementor-section-height-default elementor-section-height-default\" data-id=\"5eab3588\" data-element_type=\"section\" data-settings=\"{&quot;stretch_section&quot;:&quot;section-stretched&quot;,&quot;background_background&quot;:&quot;classic&quot;}\">\n\t\t\t\t\t\t<div class=\"elementor-container elementor-column-gap-no\">\n\t\t\t\t\t<div class=\"elementor-column elementor-col-50 elementor-top-column elementor-element elementor-element-626f05ab\" data-id=\"626f05ab\" data-element_type=\"column\">\n\t\t\t<div class=\"elementor-widget-wrap elementor-element-populated\">\n\t\t\t\t\t\t<div class=\"elementor-element elementor-element-6ebbfcbb elementor-invisible elementor-widget elementor-widget-heading\" data-id=\"6ebbfcbb\" data-element_type=\"widget\" data-settings=\"{&quot;_animation&quot;:&quot;fadeInUp&quot;}\" data-widget_type=\"heading.default\">\n\t\t\t\t<div class=\"elementor-widget-container\">\n\t\t\t\t\t<h2 class=\"elementor-heading-title elementor-size-default\">Kierownik<strong> <\/strong><\/h2>\t\t\t\t<\/div>\n\t\t\t\t<\/div>\n\t\t\t\t<div class=\"elementor-element elementor-element-f7499f6 elementor-invisible elementor-widget elementor-widget-text-editor\" data-id=\"f7499f6\" data-element_type=\"widget\" data-settings=\"{&quot;_animation&quot;:&quot;fadeInUp&quot;}\" data-widget_type=\"text-editor.default\">\n\t\t\t\t<div class=\"elementor-widget-container\">\n\t\t\t\t\t\t\t\t\t<p>dr n. med. <strong>Ma\u0142gorzata Kolasi\u0144ska &#8211; Bzoma<\/strong> &#8211; specjalista medycyny rodzinnej i pediatrii, lekarz chor\u00f3b wewn\u0119trznych<\/p>\t\t\t\t\t\t\t\t<\/div>\n\t\t\t\t<\/div>\n\t\t\t\t<div class=\"elementor-element elementor-element-d1ee715 elementor-invisible elementor-widget elementor-widget-heading\" data-id=\"d1ee715\" data-element_type=\"widget\" data-settings=\"{&quot;_animation&quot;:&quot;fadeInUp&quot;}\" data-widget_type=\"heading.default\">\n\t\t\t\t<div class=\"elementor-widget-container\">\n\t\t\t\t\t<h2 class=\"elementor-heading-title elementor-size-default\">Lekarze<\/h2>\t\t\t\t<\/div>\n\t\t\t\t<\/div>\n\t\t\t\t<div class=\"elementor-element elementor-element-913a441 elementor-invisible elementor-widget elementor-widget-text-editor\" data-id=\"913a441\" data-element_type=\"widget\" data-settings=\"{&quot;_animation&quot;:&quot;fadeInUp&quot;}\" data-widget_type=\"text-editor.default\">\n\t\t\t\t<div class=\"elementor-widget-container\">\n\t\t\t\t\t\t\t\t\t<p>Lekarz <strong>Andrzej Koz\u0142owski<\/strong> &#8211; specjalista medycyny rodzinnej, pediatra<br \/>Lekarz <strong>Jacek Bzoma<\/strong> &#8211; lekarz chor\u00f3b wewn\u0119trznych, specjalizacja z medycyny rodzinnej<br \/>dr n. med. <strong>Dariusz Chlebus<\/strong> &#8211; specjalista chor\u00f3b wewn\u0119trznych<br \/>Lekarz <strong>Dariusz Bzoma<\/strong> &#8211; specjalista chor\u00f3b wewn\u0119trznych<br \/>Lekarz <strong>S\u0142awomir \u0141azuka<\/strong> &#8211; specjalista medycyny rodzinnej, lekarz chor\u00f3b wewn\u0119trznych<br \/>Lekarz <strong>Izabela Pi\u0119towska-\u0141azuka<\/strong> &#8211; specjalista chor\u00f3b p\u0142uc<br \/>dr n. med. <strong>Bart\u0142omiej Kulesza<\/strong> &#8211; specjalizacja z neurochirurgii<br \/>Lekarz <strong>Dorota Kwiatkowska<\/strong> &#8211; specjalista neurologii, pediatra<br \/>Lekarz <strong>Ewa Kulczyk<\/strong> Naumiuk &#8211; medycyna og\u00f3lna<br \/>Lekarz <strong>Ireneusz Nurzy\u0144ski<\/strong> &#8211; medycyna og\u00f3lna<br \/>Lekarz <strong>Andrzej Chodacki<\/strong> &#8211; specjalista chor\u00f3b wewn\u0119trznych<br \/>Lekarz <strong>Marek Mazurek<\/strong> &#8211; w trakcie specjalizacji z neurochirurgii<\/p>\t\t\t\t\t\t\t\t<\/div>\n\t\t\t\t<\/div>\n\t\t\t\t<div class=\"elementor-element elementor-element-5992e41 elementor-invisible elementor-widget elementor-widget-heading\" data-id=\"5992e41\" data-element_type=\"widget\" data-settings=\"{&quot;_animation&quot;:&quot;fadeInUp&quot;}\" data-widget_type=\"heading.default\">\n\t\t\t\t<div class=\"elementor-widget-container\">\n\t\t\t\t\t<h2 class=\"elementor-heading-title elementor-size-default\">Piel\u0119gniarki<\/h2>\t\t\t\t<\/div>\n\t\t\t\t<\/div>\n\t\t\t\t<div class=\"elementor-element elementor-element-06dd26c elementor-invisible elementor-widget elementor-widget-text-editor\" data-id=\"06dd26c\" data-element_type=\"widget\" data-settings=\"{&quot;_animation&quot;:&quot;fadeInUp&quot;}\" data-widget_type=\"text-editor.default\">\n\t\t\t\t<div class=\"elementor-widget-container\">\n\t\t\t\t\t\t\t\t\t<p>mgr <strong>Miros\u0142awa Szczygielska<\/strong> &#8211; piel\u0119gniarka \u015brodowiskowa \/ rodzinna<br \/><strong>Krystyna Kozak<\/strong> &#8211; piel\u0119gniarka \u015brodowiskowa \/ rodzinna<br \/><strong>Alicja Smoli\u0144ska<\/strong> &#8211; piel\u0119gniarka \u015brodowiskowa \/ rodzinna<br \/><strong>Mariola Muzyka<\/strong> &#8211; piel\u0119gniarka w \u015brodowisku nauczania i wychowania<br \/><strong>Krystyna \u017b\u00f3\u0142kowska<\/strong> &#8211; piel\u0119gniarka \u015brodowiskowa \/ rodzinna<br \/><strong>Gra\u017cyna Sidor<\/strong> &#8211; piel\u0119gniarka \u015brodowiskowa \/ rodzinna<br \/><strong>Krystyna Wi\u0105zowska<\/strong> &#8211; piel\u0119gniarka \u015brodowiskowa \/ rodzinna<br \/><strong>Maria Melnik<\/strong> &#8211; piel\u0119gniarka \u015brodowiskowa \/ rodzinna<br \/><strong>Wies\u0142awa Bandzerewicz<\/strong> &#8211; piel\u0119gniarka<br \/><strong>Marta J\u0119drzejewska<\/strong> &#8211; po\u0142o\u017cna \u015brodowiskowa \/ rodzinna<br \/><strong>Alicja Ciuraj<\/strong> &#8211; po\u0142o\u017cna \u015brodowiskowa \/ rodzinna<br \/><strong>Angelika Szczygielska<\/strong> &#8211; piel\u0119gniarka<\/p>\t\t\t\t\t\t\t\t<\/div>\n\t\t\t\t<\/div>\n\t\t\t\t<div class=\"elementor-element elementor-element-31b3e8f elementor-invisible elementor-widget elementor-widget-heading\" data-id=\"31b3e8f\" data-element_type=\"widget\" data-settings=\"{&quot;_animation&quot;:&quot;fadeInUp&quot;}\" data-widget_type=\"heading.default\">\n\t\t\t\t<div class=\"elementor-widget-container\">\n\t\t\t\t\t<h2 class=\"elementor-heading-title elementor-size-default\">Pracownicy rejestracji<\/h2>\t\t\t\t<\/div>\n\t\t\t\t<\/div>\n\t\t\t\t<div class=\"elementor-element elementor-element-b22a60c elementor-invisible elementor-widget elementor-widget-text-editor\" data-id=\"b22a60c\" data-element_type=\"widget\" data-settings=\"{&quot;_animation&quot;:&quot;fadeInUp&quot;}\" data-widget_type=\"text-editor.default\">\n\t\t\t\t<div class=\"elementor-widget-container\">\n\t\t\t\t\t\t\t\t\t<p><strong>Magdalena Rudnik<\/strong><br \/><strong>Ma\u0142gorzata Grzeszczuk<\/strong><\/p>\t\t\t\t\t\t\t\t<\/div>\n\t\t\t\t<\/div>\n\t\t\t\t\t<\/div>\n\t\t<\/div>\n\t\t\t\t<div class=\"elementor-column elementor-col-50 elementor-top-column elementor-element elementor-element-1dfe1abe\" data-id=\"1dfe1abe\" data-element_type=\"column\">\n\t\t\t<div class=\"elementor-widget-wrap elementor-element-populated\">\n\t\t\t\t\t\t<div class=\"elementor-element elementor-element-73d58311 elementor-invisible elementor-widget elementor-widget-image\" data-id=\"73d58311\" data-element_type=\"widget\" data-settings=\"{&quot;_animation&quot;:&quot;fadeInUp&quot;}\" data-widget_type=\"image.default\">\n\t\t\t\t<div class=\"elementor-widget-container\">\n\t\t\t\t\t\t\t\t\t\t\t\t\t\t\t<img fetchpriority=\"high\" decoding=\"async\" width=\"599\" height=\"509\" src=\"https:\/\/spzpozparczew.pl\/wp-content\/uploads\/2024\/08\/sidebar-img.png\" class=\"attachment-large size-large wp-image-296\" alt=\"\" srcset=\"https:\/\/spzpozparczew.pl\/wp-content\/uploads\/2024\/08\/sidebar-img.png 599w, https:\/\/spzpozparczew.pl\/wp-content\/uploads\/2024\/08\/sidebar-img-300x255.png 300w, https:\/\/spzpozparczew.pl\/wp-content\/uploads\/2024\/08\/sidebar-img-137x116.png 137w\" sizes=\"(max-width: 599px) 100vw, 599px\" \/>\t\t\t\t\t\t\t\t\t\t\t\t\t\t\t<\/div>\n\t\t\t\t<\/div>\n\t\t\t\t\t<\/div>\n\t\t<\/div>\n\t\t\t\t\t<\/div>\n\t\t<\/section>\n\t\t\t\t<\/div>\n\t\t","protected":false},"excerpt":{"rendered":"<p>Nasz Personel Kierownik dr n. med. Ma\u0142gorzata Kolasi\u0144ska &#8211; Bzoma &#8211; specjalista medycyny rodzinnej i pediatrii, lekarz chor\u00f3b wewn\u0119trznych Lekarze [&hellip;]<\/p>\n","protected":false},"author":1,"featured_media":0,"parent":0,"menu_order":0,"comment_status":"closed","ping_status":"closed","template":"","meta":{"site-sidebar-layout":"no-sidebar","site-content-layout":"","ast-site-content-layout":"full-width-container","site-content-style":"default","site-sidebar-style":"default","ast-global-header-display":"","ast-banner-title-visibility":"","ast-main-header-display":"","ast-hfb-above-header-display":"","ast-hfb-below-header-display":"","ast-hfb-mobile-header-display":"","site-post-title":"disabled","ast-breadcrumbs-content":"","ast-featured-img":"disabled","footer-sml-layout":"","theme-transparent-header-meta":"","adv-header-id-meta":"","stick-header-meta":"","header-above-stick-meta":"","header-main-stick-meta":"","header-below-stick-meta":"","astra-migrate-meta-layouts":"default","ast-page-background-enabled":"default","ast-page-background-meta":{"desktop":{"background-color":"var(--ast-global-color-4)","background-image":"","background-repeat":"repeat","background-position":"center center","background-size":"auto","background-attachment":"scroll","background-type":"","background-media":"","overlay-type":"","overlay-color":"","overlay-opacity":"","overlay-gradient":""},"tablet":{"background-color":"","background-image":"","background-repeat":"repeat","background-position":"center center","background-size":"auto","background-attachment":"scroll","background-type":"","background-media":"","overlay-type":"","overlay-color":"","overlay-opacity":"","overlay-gradient":""},"mobile":{"background-color":"","background-image":"","background-repeat":"repeat","background-position":"center center","background-size":"auto","background-attachment":"scroll","background-type":"","background-media":"","overlay-type":"","overlay-color":"","overlay-opacity":"","overlay-gradient":""}},"ast-content-background-meta":{"desktop":{"background-color":"var(--ast-global-color-5)","background-image":"","background-repeat":"repeat","background-position":"center center","background-size":"auto","background-attachment":"scroll","background-type":"","background-media":"","overlay-type":"","overlay-color":"","overlay-opacity":"","overlay-gradient":""},"tablet":{"background-color":"var(--ast-global-color-5)","background-image":"","background-repeat":"repeat","background-position":"center center","background-size":"auto","background-attachment":"scroll","background-type":"","background-media":"","overlay-type":"","overlay-color":"","overlay-opacity":"","overlay-gradient":""},"mobile":{"background-color":"var(--ast-global-color-5)","background-image":"","background-repeat":"repeat","background-position":"center center","background-size":"auto","background-attachment":"scroll","background-type":"","background-media":"","overlay-type":"","overlay-color":"","overlay-opacity":"","overlay-gradient":""}},"footnotes":""},"class_list":["post-201","page","type-page","status-publish","hentry"],"_links":{"self":[{"href":"https:\/\/spzpozparczew.pl\/index.php?rest_route=\/wp\/v2\/pages\/201","targetHints":{"allow":["GET"]}}],"collection":[{"href":"https:\/\/spzpozparczew.pl\/index.php?rest_route=\/wp\/v2\/pages"}],"about":[{"href":"https:\/\/spzpozparczew.pl\/index.php?rest_route=\/wp\/v2\/types\/page"}],"author":[{"embeddable":true,"href":"https:\/\/spzpozparczew.pl\/index.php?rest_route=\/wp\/v2\/users\/1"}],"replies":[{"embeddable":true,"href":"https:\/\/spzpozparczew.pl\/index.php?rest_route=%2Fwp%2Fv2%2Fcomments&post=201"}],"version-history":[{"count":19,"href":"https:\/\/spzpozparczew.pl\/index.php?rest_route=\/wp\/v2\/pages\/201\/revisions"}],"predecessor-version":[{"id":318,"href":"https:\/\/spzpozparczew.pl\/index.php?rest_route=\/wp\/v2\/pages\/201\/revisions\/318"}],"wp:attachment":[{"href":"https:\/\/spzpozparczew.pl\/index.php?rest_route=%2Fwp%2Fv2%2Fmedia&parent=201"}],"curies":[{"name":"wp","href":"https:\/\/api.w.org\/{rel}","templated":true}]}}