{"id":159,"date":"2024-08-06T11:46:08","date_gmt":"2024-08-06T09:46:08","guid":{"rendered":"https:\/\/spzpozparczew.pl\/SPZPOZ\/?page_id=159"},"modified":"2025-11-20T11:30:05","modified_gmt":"2025-11-20T10:30:05","slug":"elementor-strona-159","status":"publish","type":"page","link":"https:\/\/spzpozparczew.pl\/?page_id=159","title":{"rendered":"Jak si\u0119 zapisa\u0107"},"content":{"rendered":"\t\t<div data-elementor-type=\"wp-page\" data-elementor-id=\"159\" class=\"elementor elementor-159\">\n\t\t\t\t\t\t<section class=\"elementor-section elementor-top-section elementor-element elementor-element-6bc32cbb elementor-section-stretched elementor-section-boxed elementor-section-height-default elementor-section-height-default\" data-id=\"6bc32cbb\" data-element_type=\"section\" data-settings=\"{&quot;stretch_section&quot;:&quot;section-stretched&quot;,&quot;background_background&quot;:&quot;classic&quot;}\">\n\t\t\t\t\t\t<div class=\"elementor-container elementor-column-gap-default\">\n\t\t\t\t\t<div class=\"elementor-column elementor-col-100 elementor-top-column elementor-element elementor-element-690fdcbf\" data-id=\"690fdcbf\" data-element_type=\"column\">\n\t\t\t<div class=\"elementor-widget-wrap elementor-element-populated\">\n\t\t\t\t\t\t<div class=\"elementor-element elementor-element-6c87c457 elementor-invisible elementor-widget elementor-widget-heading\" data-id=\"6c87c457\" data-element_type=\"widget\" data-settings=\"{&quot;_animation&quot;:&quot;fadeInUp&quot;}\" data-widget_type=\"heading.default\">\n\t\t\t\t<div class=\"elementor-widget-container\">\n\t\t\t\t\t<h6 class=\"elementor-heading-title elementor-size-default\"><b>Co zrobi\u0107, \u017ceby zapisa\u0107 si\u0119 do Poradni SPZPOZ<\/b><\/h6>\t\t\t\t<\/div>\n\t\t\t\t<\/div>\n\t\t\t\t\t<\/div>\n\t\t<\/div>\n\t\t\t\t\t<\/div>\n\t\t<\/section>\n\t\t<div class=\"elementor-element elementor-element-518335f e-flex e-con-boxed e-con e-parent\" data-id=\"518335f\" data-element_type=\"container\" data-settings=\"{&quot;background_background&quot;:&quot;classic&quot;}\">\n\t\t\t\t\t<div class=\"e-con-inner\">\n\t\t<div class=\"elementor-element elementor-element-32a8827 e-con-full e-flex e-con e-child\" data-id=\"32a8827\" data-element_type=\"container\">\n\t\t\t\t<div class=\"elementor-element elementor-element-82e23f8 elementor-invisible elementor-widget elementor-widget-text-editor\" data-id=\"82e23f8\" data-element_type=\"widget\" data-settings=\"{&quot;_animation&quot;:&quot;fadeInUp&quot;}\" data-widget_type=\"text-editor.default\">\n\t\t\t\t<div class=\"elementor-widget-container\">\n\t\t\t\t\t\t\t\t\t<p style=\"text-align: left;\"><span style=\"font-style: inherit; font-weight: inherit; letter-spacing: 0px;\">Formalno\u015bci dokonuje si\u0119 w REJESTRACJI PORADNI gdzie nale\u017cy z\u0142o\u017cy\u0107 deklaracj\u0119 wyboru lekarza poz, piel\u0119gniarki \u015brodowiskowej\/rodzinnej i po\u0142o\u017cnej \u015brodowiskowej \/ rodzinnej.&nbsp;<\/span><\/p>\n<p style=\"text-align: left;\"><span style=\"font-style: inherit; font-weight: inherit; letter-spacing: 0px; text-align: center;\">Doro\u015bli robi\u0105 to osobi\u015bcie, rodzice zapisuj\u0105 nieletnie dzieci.&nbsp;<\/span><\/p>\n<p style=\"text-align: left;\"><span style=\"font-style: inherit; font-weight: inherit; letter-spacing: 0px; text-align: center;\">Nie trzeba osobi\u015bcie wypisywa\u0107 si\u0119 z poprzedniej Poradni !!!&nbsp;<\/span><\/p>\n<p style=\"text-align: left;\"><strong><span style=\"font-style: inherit; letter-spacing: 0px; text-align: center;\"><br><\/span><\/strong><\/p>\n<p style=\"text-align: left;\"><strong><span style=\"font-style: inherit; letter-spacing: 0px; text-align: center;\">Nale\u017cy dostarczy\u0107 aktualny dokument to\u017csamo\u015bci oraz nr PESEL.&nbsp;<\/span><\/strong><\/p>\n<p style=\"text-align: left;\"><span style=\"font-style: inherit; font-weight: inherit; letter-spacing: 0px; text-align: center;\"><br><\/span><\/p>\n<p style=\"text-align: left;\"><span style=\"font-style: inherit; font-weight: inherit; letter-spacing: 0px; text-align: center;\">Aktualnie informujemy, \u017ce od 1 stycznia 2013r. obowi\u0105zuj\u0105 nowe zasady <\/span>weryfikacji uprawnie\u0144 pacjent\u00f3w do \u015bwiadcze\u0144 opieki zdrowotnej finansowanych&nbsp;ze \u015brodk\u00f3w publicznych.<\/p>\n<p style=\"text-align: left;\">Plac\u00f3wki medyczne (szpitale, przychodnie) przed udzieleniem \u015bwiadczenia sprawdzaj\u0105 uprawnienia pacjenta do \u015bwiadcze\u0144 finansowanych przez NFZ w jeden z poni\u017cszych sposob\u00f3w:<\/p>\n<p style=\"text-align: left;\"><strong style=\"font-style: inherit; letter-spacing: 0px;\"><br><\/strong><\/p><p style=\"text-align: left;\"><strong style=\"font-style: inherit; letter-spacing: 0px;\">weryfikacja uprawnie\u0144 w systemie eWU\u015a,<\/strong><\/p>\n<p style=\"text-align: left;\"><strong>na podstawie dokumentu potwierdzaj\u0105cego prawa do \u015bwiadcze\u0144 np. druk RMUA, legitymacja rencisty, emeryta itp., <\/strong><\/p>\n<p style=\"text-align: left;\"><strong>poprzez z\u0142o\u017cenie o\u015bwiadczenia o przys\u0142uguj\u0105cym prawie do \u015bwiadcze\u0144 opieki zdrowotnej.<\/strong>&nbsp;<\/p>\n<p style=\"text-align: left;\"><strong><br><\/strong><\/p>\n<p style=\"text-align: left;\"><strong>Wa\u017cne: <\/strong><\/p>\n<p style=\"text-align: left;\">Plac\u00f3wka medyczna nie mo\u017ce odm\u00f3wi\u0107 pacjentowi udzielenia \u015bwiadczenia zdrowotnego tylko na podstawie negatywnej weryfikacji w systemie eWU\u015a. Pacjent ma prawo okaza\u0107 jeden z dotychczasowych dokument\u00f3w potwierdzaj\u0105cych ubezpieczenie zdrowotne lub z\u0142o\u017cy\u0107 stosowne o\u015bwiadczenie.<\/p>\n<p style=\"text-align: left;\">W sprawach wyja\u015bnienia statusu ubezpieczenia w zwi\u0105zku z negatywn\u0105 weryfikacj\u0105 w systemie eWU\u015a <strong>mieszka\u0144cy z obszaru dzia\u0142ania Delegatury w Bia\u0142ej Podlaskiej<\/strong>, powinni zg\u0142asza\u0107 si\u0119 osobi\u015bcie lub kierowa\u0107 korespondencj\u0119 na adres: Delegatura LOW NFZ w Bia\u0142ej Podlaskiej, ul. Warszawska 12c, 21-500 Bia\u0142a Podlaska,<\/p>\t\t\t\t\t\t\t\t<\/div>\n\t\t\t\t<\/div>\n\t\t\t\t<\/div>\n\t\t\t\t\t<\/div>\n\t\t\t\t<\/div>\n\t\t\t\t<\/div>\n\t\t","protected":false},"excerpt":{"rendered":"<p>Co zrobi\u0107, \u017ceby zapisa\u0107 si\u0119 do Poradni SPZPOZ Formalno\u015bci dokonuje si\u0119 w REJESTRACJI PORADNI gdzie nale\u017cy z\u0142o\u017cy\u0107 deklaracj\u0119 wyboru lekarza [&hellip;]<\/p>\n","protected":false},"author":1,"featured_media":0,"parent":0,"menu_order":0,"comment_status":"closed","ping_status":"closed","template":"","meta":{"site-sidebar-layout":"no-sidebar","site-content-layout":"","ast-site-content-layout":"full-width-container","site-content-style":"default","site-sidebar-style":"default","ast-global-header-display":"","ast-banner-title-visibility":"","ast-main-header-display":"","ast-hfb-above-header-display":"","ast-hfb-below-header-display":"","ast-hfb-mobile-header-display":"","site-post-title":"disabled","ast-breadcrumbs-content":"","ast-featured-img":"disabled","footer-sml-layout":"","theme-transparent-header-meta":"","adv-header-id-meta":"","stick-header-meta":"","header-above-stick-meta":"","header-main-stick-meta":"","header-below-stick-meta":"","astra-migrate-meta-layouts":"default","ast-page-background-enabled":"default","ast-page-background-meta":{"desktop":{"background-color":"var(--ast-global-color-4)","background-image":"","background-repeat":"repeat","background-position":"center center","background-size":"auto","background-attachment":"scroll","background-type":"","background-media":"","overlay-type":"","overlay-color":"","overlay-opacity":"","overlay-gradient":""},"tablet":{"background-color":"","background-image":"","background-repeat":"repeat","background-position":"center center","background-size":"auto","background-attachment":"scroll","background-type":"","background-media":"","overlay-type":"","overlay-color":"","overlay-opacity":"","overlay-gradient":""},"mobile":{"background-color":"","background-image":"","background-repeat":"repeat","background-position":"center center","background-size":"auto","background-attachment":"scroll","background-type":"","background-media":"","overlay-type":"","overlay-color":"","overlay-opacity":"","overlay-gradient":""}},"ast-content-background-meta":{"desktop":{"background-color":"var(--ast-global-color-5)","background-image":"","background-repeat":"repeat","background-position":"center center","background-size":"auto","background-attachment":"scroll","background-type":"","background-media":"","overlay-type":"","overlay-color":"","overlay-opacity":"","overlay-gradient":""},"tablet":{"background-color":"var(--ast-global-color-5)","background-image":"","background-repeat":"repeat","background-position":"center center","background-size":"auto","background-attachment":"scroll","background-type":"","background-media":"","overlay-type":"","overlay-color":"","overlay-opacity":"","overlay-gradient":""},"mobile":{"background-color":"var(--ast-global-color-5)","background-image":"","background-repeat":"repeat","background-position":"center center","background-size":"auto","background-attachment":"scroll","background-type":"","background-media":"","overlay-type":"","overlay-color":"","overlay-opacity":"","overlay-gradient":""}},"footnotes":""},"class_list":["post-159","page","type-page","status-publish","hentry"],"_links":{"self":[{"href":"https:\/\/spzpozparczew.pl\/index.php?rest_route=\/wp\/v2\/pages\/159","targetHints":{"allow":["GET"]}}],"collection":[{"href":"https:\/\/spzpozparczew.pl\/index.php?rest_route=\/wp\/v2\/pages"}],"about":[{"href":"https:\/\/spzpozparczew.pl\/index.php?rest_route=\/wp\/v2\/types\/page"}],"author":[{"embeddable":true,"href":"https:\/\/spzpozparczew.pl\/index.php?rest_route=\/wp\/v2\/users\/1"}],"replies":[{"embeddable":true,"href":"https:\/\/spzpozparczew.pl\/index.php?rest_route=%2Fwp%2Fv2%2Fcomments&post=159"}],"version-history":[{"count":31,"href":"https:\/\/spzpozparczew.pl\/index.php?rest_route=\/wp\/v2\/pages\/159\/revisions"}],"predecessor-version":[{"id":582,"href":"https:\/\/spzpozparczew.pl\/index.php?rest_route=\/wp\/v2\/pages\/159\/revisions\/582"}],"wp:attachment":[{"href":"https:\/\/spzpozparczew.pl\/index.php?rest_route=%2Fwp%2Fv2%2Fmedia&parent=159"}],"curies":[{"name":"wp","href":"https:\/\/api.w.org\/{rel}","templated":true}]}}